{"id":1823,"date":"2022-11-02T10:34:17","date_gmt":"2022-11-02T10:34:17","guid":{"rendered":"https:\/\/camping-plougrescant.pros.bzh\/?page_id=1823"},"modified":"2025-12-29T15:18:44","modified_gmt":"2025-12-29T15:18:44","slug":"services","status":"publish","type":"page","link":"https:\/\/www.plougrescant.fr\/camp\/services\/","title":{"rendered":"Services \/ R\u00e9ception"},"content":{"rendered":"\t\t<div data-elementor-type=\"wp-page\" data-elementor-id=\"1823\" class=\"elementor elementor-1823\" data-elementor-post-type=\"page\">\n\t\t\t\t\t\t<section class=\"elementor-section elementor-top-section elementor-element elementor-element-f8d368c elementor-section-height-min-height elementor-section-content-middle elementor-section-boxed elementor-section-height-default elementor-section-items-middle\" data-id=\"f8d368c\" data-element_type=\"section\" data-settings=\"{&quot;background_background&quot;:&quot;classic&quot;}\">\n\t\t\t\t\t\t<div class=\"elementor-container elementor-column-gap-default\">\n\t\t\t\t\t<div class=\"elementor-column elementor-col-100 elementor-top-column elementor-element elementor-element-c525f3a\" data-id=\"c525f3a\" data-element_type=\"column\">\n\t\t\t<div class=\"elementor-widget-wrap\">\n\t\t\t\t\t\t\t<\/div>\n\t\t<\/div>\n\t\t\t\t\t<\/div>\n\t\t<\/section>\n\t\t\t\t<section class=\"elementor-section elementor-top-section elementor-element elementor-element-fbf2b8c elementor-section-boxed elementor-section-height-default elementor-section-height-default\" data-id=\"fbf2b8c\" data-element_type=\"section\">\n\t\t\t\t\t\t<div class=\"elementor-container elementor-column-gap-default\">\n\t\t\t\t\t<div class=\"elementor-column elementor-col-100 elementor-top-column elementor-element elementor-element-e4117a1\" data-id=\"e4117a1\" data-element_type=\"column\">\n\t\t\t<div class=\"elementor-widget-wrap elementor-element-populated\">\n\t\t\t\t\t\t<div class=\"elementor-element elementor-element-cccad9a elementor-position-left elementor-mobile-position-left elementor-view-default elementor-vertical-align-top elementor-widget elementor-widget-icon-box\" data-id=\"cccad9a\" data-element_type=\"widget\" data-widget_type=\"icon-box.default\">\n\t\t\t\t<div class=\"elementor-widget-container\">\n\t\t\t<link rel=\"stylesheet\" href=\"https:\/\/www.plougrescant.fr\/camp\/wp-content\/plugins\/elementor\/assets\/css\/widget-icon-box.min.css\">\t\t<div class=\"elementor-icon-box-wrapper\">\n\n\t\t\t\t\t\t<div class=\"elementor-icon-box-icon\">\n\t\t\t\t<span  class=\"elementor-icon elementor-animation-\">\n\t\t\t\t<svg xmlns=\"http:\/\/www.w3.org\/2000\/svg\" id=\"Calque_1\" viewBox=\"0 0 500 129\"><defs><style>.cls-1{fill:#ef8073;}<\/style><\/defs><path class=\"cls-1\" d=\"M129.71,129c-45.28,0-83.34-14.9-116.19-45.54C5.16,75.82,.62,65.2,.69,54.23c.09-10.95,4.84-21.52,13.09-29.09,7.85-7.12,18.12-11.09,28.92-11.09s21.43,4.07,29.28,11.42c17.11,15.98,34.87,23.07,57.31,23.07,26.29,0,57.83-9.26,96.22-21.41C265.83,14.4,311.53,0,358.64,0s87.81,13.96,125.45,42.69c8.91,6.77,14.69,16.97,15.7,27.96,1.03,10.9-2.63,21.81-10.13,30.03-7.99,8.93-19.62,13.96-31.77,13.96-9.38,0-18.77-3.15-26.15-8.76-22.42-17.08-45.91-25.02-74.01-25.02-33.04,0-68.42,11.14-105.92,23-37.36,11.82-79.72,25.14-122.09,25.14\"><\/path><\/svg>\t\t\t\t<\/span>\n\t\t\t<\/div>\n\t\t\t\n\t\t\t\t\t\t<div class=\"elementor-icon-box-content\">\n\n\t\t\t\t\t\t\t\t\t<h3 class=\"elementor-icon-box-title\">\n\t\t\t\t\t\t<span  >\n\t\t\t\t\t\t\tServices \/ R\u00e9ception\t\t\t\t\t\t<\/span>\n\t\t\t\t\t<\/h3>\n\t\t\t\t\n\t\t\t\t\n\t\t\t<\/div>\n\t\t\t\n\t\t<\/div>\n\t\t\t\t<\/div>\n\t\t\t\t<\/div>\n\t\t\t\t<section class=\"elementor-section elementor-inner-section elementor-element elementor-element-9d248dd elementor-section-boxed elementor-section-height-default elementor-section-height-default\" data-id=\"9d248dd\" data-element_type=\"section\">\n\t\t\t\t\t\t<div class=\"elementor-container elementor-column-gap-wide\">\n\t\t\t\t\t<div class=\"elementor-column elementor-col-33 elementor-inner-column elementor-element elementor-element-33b0618\" data-id=\"33b0618\" data-element_type=\"column\">\n\t\t\t<div class=\"elementor-widget-wrap elementor-element-populated\">\n\t\t\t\t\t\t<div class=\"elementor-element elementor-element-c83c7e9 elementor-widget elementor-widget-heading\" data-id=\"c83c7e9\" data-element_type=\"widget\" data-widget_type=\"heading.default\">\n\t\t\t\t<div class=\"elementor-widget-container\">\n\t\t\t<style>\/*! elementor - v3.22.0 - 26-06-2024 *\/\n.elementor-heading-title{padding:0;margin:0;line-height:1}.elementor-widget-heading .elementor-heading-title[class*=elementor-size-]>a{color:inherit;font-size:inherit;line-height:inherit}.elementor-widget-heading .elementor-heading-title.elementor-size-small{font-size:15px}.elementor-widget-heading .elementor-heading-title.elementor-size-medium{font-size:19px}.elementor-widget-heading .elementor-heading-title.elementor-size-large{font-size:29px}.elementor-widget-heading .elementor-heading-title.elementor-size-xl{font-size:39px}.elementor-widget-heading .elementor-heading-title.elementor-size-xxl{font-size:59px}<\/style><h4 class=\"elementor-heading-title elementor-size-default\">Services<\/h4>\t\t<\/div>\n\t\t\t\t<\/div>\n\t\t\t\t<div class=\"elementor-element elementor-element-d17d4d9 elementor-widget elementor-widget-text-editor\" data-id=\"d17d4d9\" data-element_type=\"widget\" data-widget_type=\"text-editor.default\">\n\t\t\t\t<div class=\"elementor-widget-container\">\n\t\t\t<style>\/*! elementor - v3.22.0 - 26-06-2024 *\/\n.elementor-widget-text-editor.elementor-drop-cap-view-stacked .elementor-drop-cap{background-color:#69727d;color:#fff}.elementor-widget-text-editor.elementor-drop-cap-view-framed .elementor-drop-cap{color:#69727d;border:3px solid;background-color:transparent}.elementor-widget-text-editor:not(.elementor-drop-cap-view-default) .elementor-drop-cap{margin-top:8px}.elementor-widget-text-editor:not(.elementor-drop-cap-view-default) .elementor-drop-cap-letter{width:1em;height:1em}.elementor-widget-text-editor .elementor-drop-cap{float:left;text-align:center;line-height:1;font-size:50px}.elementor-widget-text-editor .elementor-drop-cap-letter{display:inline-block}<\/style>\t\t\t\t<ul><li>WIFI gratuit<\/li><li>Laverie<\/li><li>Location de v\u00e9los \u00e9lectriques<\/li><\/ul><div><b>\u00a0<\/b><\/div><div><b>Attention pas de service de vidange Camping-Car.<\/b><\/div>\t\t\t\t\t\t<\/div>\n\t\t\t\t<\/div>\n\t\t\t\t\t<\/div>\n\t\t<\/div>\n\t\t\t\t<div class=\"elementor-column elementor-col-33 elementor-inner-column elementor-element elementor-element-cc73a66\" data-id=\"cc73a66\" data-element_type=\"column\">\n\t\t\t<div class=\"elementor-widget-wrap elementor-element-populated\">\n\t\t\t\t\t\t<div class=\"elementor-element elementor-element-f90775c elementor-widget elementor-widget-heading\" data-id=\"f90775c\" data-element_type=\"widget\" data-widget_type=\"heading.default\">\n\t\t\t\t<div class=\"elementor-widget-container\">\n\t\t\t<h4 class=\"elementor-heading-title elementor-size-default\">Snacking<\/h4>\t\t<\/div>\n\t\t\t\t<\/div>\n\t\t\t\t<div class=\"elementor-element elementor-element-4241e8e elementor-widget elementor-widget-text-editor\" data-id=\"4241e8e\" data-element_type=\"widget\" data-widget_type=\"text-editor.default\">\n\t\t\t\t<div class=\"elementor-widget-container\">\n\t\t\t\t\t\t\t<ul><li>Paninis<\/li><li>Gaufres<\/li><li>Croques Monsieurs<\/li><li>Glaces<\/li><li>Boissons\u00a0<\/li><li>Formule petit d\u00e9jeuner (sur r\u00e9servation)<\/li><li>Pains et viennoiseries tous les matins (sur r\u00e9servation)<\/li><li>Food-trucks <em>(Juillet &amp; Ao\u00fbt)<\/em><\/li><\/ul>\t\t\t\t\t\t<\/div>\n\t\t\t\t<\/div>\n\t\t\t\t<div class=\"elementor-element elementor-element-7ecd205 elementor-widget elementor-widget-button\" data-id=\"7ecd205\" data-element_type=\"widget\" data-widget_type=\"button.default\">\n\t\t\t\t<div class=\"elementor-widget-container\">\n\t\t\t\t\t<div class=\"elementor-button-wrapper\">\n\t\t\t<a class=\"elementor-button elementor-button-link elementor-size-sm\" href=\"\/camp\/commerces\">\n\t\t\t\t\t\t<span class=\"elementor-button-content-wrapper\">\n\t\t\t\t\t\t\t\t\t<span class=\"elementor-button-text\">Voir les commerces<\/span>\n\t\t\t\t\t<\/span>\n\t\t\t\t\t<\/a>\n\t\t<\/div>\n\t\t\t\t<\/div>\n\t\t\t\t<\/div>\n\t\t\t\t\t<\/div>\n\t\t<\/div>\n\t\t\t\t<div class=\"elementor-column elementor-col-33 elementor-inner-column elementor-element elementor-element-276c5e0\" data-id=\"276c5e0\" data-element_type=\"column\">\n\t\t\t<div class=\"elementor-widget-wrap elementor-element-populated\">\n\t\t\t\t\t\t<div class=\"elementor-element elementor-element-88dc3f5 elementor-widget elementor-widget-heading\" data-id=\"88dc3f5\" data-element_type=\"widget\" data-widget_type=\"heading.default\">\n\t\t\t\t<div class=\"elementor-widget-container\">\n\t\t\t<h4 class=\"elementor-heading-title elementor-size-default\">Accessible pendant votre s\u00e9jour<\/h4>\t\t<\/div>\n\t\t\t\t<\/div>\n\t\t\t\t<div class=\"elementor-element elementor-element-5c2fbde elementor-widget elementor-widget-text-editor\" data-id=\"5c2fbde\" data-element_type=\"widget\" data-widget_type=\"text-editor.default\">\n\t\t\t\t<div class=\"elementor-widget-container\">\n\t\t\t\t\t\t\t<ul><li>Aire de jeu pour enfant<\/li><li>All\u00e9es de boules\u00a0<\/li><li>Tennis de table<\/li><li>Remise en forme<\/li><li>Randonn\u00e9e<\/li><\/ul>\t\t\t\t\t\t<\/div>\n\t\t\t\t<\/div>\n\t\t\t\t\t<\/div>\n\t\t<\/div>\n\t\t\t\t\t<\/div>\n\t\t<\/section>\n\t\t\t\t\t<\/div>\n\t\t<\/div>\n\t\t\t\t\t<\/div>\n\t\t<\/section>\n\t\t\t\t<\/div>\n\t\t","protected":false},"excerpt":{"rendered":"<p>Services \/ R\u00e9ception Services WIFI gratuit Laverie Location de v\u00e9los \u00e9lectriques \u00a0Attention pas de service de vidange Camping-Car. Snacking Paninis Gaufres Croques Monsieurs Glaces Boissons\u00a0 Formule petit d\u00e9jeuner (sur r\u00e9servation) Pains et viennoiseries tous les matins (sur r\u00e9servation) Food-trucks (Juillet &amp; Ao\u00fbt) Voir les commerces Accessible pendant votre s\u00e9jour Aire de jeu pour enfant All\u00e9es [&hellip;]<\/p>\n","protected":false},"author":5,"featured_media":1969,"parent":0,"menu_order":0,"comment_status":"closed","ping_status":"closed","template":"elementor_header_footer","meta":{"footnotes":""},"class_list":["post-1823","page","type-page","status-publish","has-post-thumbnail","hentry"],"yoast_head":"<!-- This site is optimized with the Yoast SEO plugin v23.0 - https:\/\/yoast.com\/wordpress\/plugins\/seo\/ -->\n<title>Les services du Camping de Plougrescant<\/title>\n<meta name=\"description\" content=\"Voici les \u00e9quipements mis \u00e0 votre disposition, snacking, laverie, p\u00e9tanque, tennis de table. Tout ce qu\u2019il faut savoir sur le camping Beg Ar Vilin.\" \/>\n<meta name=\"robots\" content=\"index, follow, max-snippet:-1, max-image-preview:large, max-video-preview:-1\" \/>\n<link rel=\"canonical\" href=\"https:\/\/www.plougrescant.fr\/camp\/services\/\" \/>\n<meta property=\"og:locale\" content=\"fr_FR\" \/>\n<meta property=\"og:type\" content=\"article\" \/>\n<meta property=\"og:title\" content=\"Les services du Camping de Plougrescant\" \/>\n<meta property=\"og:description\" content=\"Voici les \u00e9quipements mis \u00e0 votre disposition, snacking, laverie, p\u00e9tanque, tennis de table. Tout ce qu\u2019il faut savoir sur le camping Beg Ar Vilin.\" \/>\n<meta property=\"og:url\" content=\"https:\/\/www.plougrescant.fr\/camp\/services\/\" \/>\n<meta property=\"og:site_name\" content=\"Beg ar Vilin\" \/>\n<meta property=\"article:modified_time\" content=\"2025-12-29T15:18:44+00:00\" \/>\n<meta property=\"og:image\" content=\"https:\/\/www.plougrescant.fr\/camp\/wp-content\/uploads\/2022\/11\/camping_plougrescant-service_reception-1.jpg\" \/>\n\t<meta property=\"og:image:width\" content=\"1500\" \/>\n\t<meta property=\"og:image:height\" content=\"788\" \/>\n\t<meta property=\"og:image:type\" content=\"image\/jpeg\" \/>\n<meta name=\"twitter:card\" content=\"summary_large_image\" \/>\n<meta name=\"twitter:title\" content=\"Les services du Camping de Plougrescant\" \/>\n<meta name=\"twitter:description\" content=\"Voici les \u00e9quipements mis \u00e0 votre disposition, snacking, laverie, p\u00e9tanque, tennis de table. Tout ce qu\u2019il faut savoir sur le camping Beg Ar Vilin.\" \/>\n<meta name=\"twitter:image\" content=\"https:\/\/www.plougrescant.fr\/camp\/wp-content\/uploads\/2022\/11\/camping_plougrescant-service_reception-1.jpg\" \/>\n<meta name=\"twitter:label1\" content=\"Dur\u00e9e de lecture estim\u00e9e\" \/>\n\t<meta name=\"twitter:data1\" content=\"1 minute\" \/>\n<script type=\"application\/ld+json\" class=\"yoast-schema-graph\">{\"@context\":\"https:\/\/schema.org\",\"@graph\":[{\"@type\":\"WebPage\",\"@id\":\"https:\/\/www.plougrescant.fr\/camp\/services\/\",\"url\":\"https:\/\/www.plougrescant.fr\/camp\/services\/\",\"name\":\"Les services du Camping de Plougrescant\",\"isPartOf\":{\"@id\":\"https:\/\/www.plougrescant.fr\/camp\/#website\"},\"primaryImageOfPage\":{\"@id\":\"https:\/\/www.plougrescant.fr\/camp\/services\/#primaryimage\"},\"image\":{\"@id\":\"https:\/\/www.plougrescant.fr\/camp\/services\/#primaryimage\"},\"thumbnailUrl\":\"https:\/\/www.plougrescant.fr\/camp\/wp-content\/uploads\/2022\/11\/camping_plougrescant-service_reception-1.jpg\",\"datePublished\":\"2022-11-02T10:34:17+00:00\",\"dateModified\":\"2025-12-29T15:18:44+00:00\",\"description\":\"Voici les \u00e9quipements mis \u00e0 votre disposition, snacking, laverie, p\u00e9tanque, tennis de table. Tout ce qu\u2019il faut savoir sur le camping Beg Ar Vilin.\",\"breadcrumb\":{\"@id\":\"https:\/\/www.plougrescant.fr\/camp\/services\/#breadcrumb\"},\"inLanguage\":\"fr-FR\",\"potentialAction\":[{\"@type\":\"ReadAction\",\"target\":[\"https:\/\/www.plougrescant.fr\/camp\/services\/\"]}]},{\"@type\":\"ImageObject\",\"inLanguage\":\"fr-FR\",\"@id\":\"https:\/\/www.plougrescant.fr\/camp\/services\/#primaryimage\",\"url\":\"https:\/\/www.plougrescant.fr\/camp\/wp-content\/uploads\/2022\/11\/camping_plougrescant-service_reception-1.jpg\",\"contentUrl\":\"https:\/\/www.plougrescant.fr\/camp\/wp-content\/uploads\/2022\/11\/camping_plougrescant-service_reception-1.jpg\",\"width\":1500,\"height\":788,\"caption\":\"Services du camping de Plougrescant\"},{\"@type\":\"BreadcrumbList\",\"@id\":\"https:\/\/www.plougrescant.fr\/camp\/services\/#breadcrumb\",\"itemListElement\":[{\"@type\":\"ListItem\",\"position\":1,\"name\":\"Accueil\",\"item\":\"https:\/\/www.plougrescant.fr\/camp\/\"},{\"@type\":\"ListItem\",\"position\":2,\"name\":\"Services \/ R\u00e9ception\"}]},{\"@type\":\"WebSite\",\"@id\":\"https:\/\/www.plougrescant.fr\/camp\/#website\",\"url\":\"https:\/\/www.plougrescant.fr\/camp\/\",\"name\":\"Beg ar Vilin\",\"description\":\"le Camping municipal de Plougrescant\",\"publisher\":{\"@id\":\"https:\/\/www.plougrescant.fr\/camp\/#organization\"},\"potentialAction\":[{\"@type\":\"SearchAction\",\"target\":{\"@type\":\"EntryPoint\",\"urlTemplate\":\"https:\/\/www.plougrescant.fr\/camp\/?s={search_term_string}\"},\"query-input\":\"required name=search_term_string\"}],\"inLanguage\":\"fr-FR\"},{\"@type\":\"Organization\",\"@id\":\"https:\/\/www.plougrescant.fr\/camp\/#organization\",\"name\":\"Beg ar Vilin\",\"url\":\"https:\/\/www.plougrescant.fr\/camp\/\",\"logo\":{\"@type\":\"ImageObject\",\"inLanguage\":\"fr-FR\",\"@id\":\"https:\/\/www.plougrescant.fr\/camp\/#\/schema\/logo\/image\/\",\"url\":\"https:\/\/www.plougrescant.fr\/camp\/wp-content\/uploads\/2022\/09\/cropped-camping_municipal_de_plougrescant-logotype.jpg\",\"contentUrl\":\"https:\/\/www.plougrescant.fr\/camp\/wp-content\/uploads\/2022\/09\/cropped-camping_municipal_de_plougrescant-logotype.jpg\",\"width\":1181,\"height\":1181,\"caption\":\"Beg ar Vilin\"},\"image\":{\"@id\":\"https:\/\/www.plougrescant.fr\/camp\/#\/schema\/logo\/image\/\"}}]}<\/script>\n<!-- \/ Yoast SEO plugin. -->","yoast_head_json":{"title":"Les services du Camping de Plougrescant","description":"Voici les \u00e9quipements mis \u00e0 votre disposition, snacking, laverie, p\u00e9tanque, tennis de table. Tout ce qu\u2019il faut savoir sur le camping Beg Ar Vilin.","robots":{"index":"index","follow":"follow","max-snippet":"max-snippet:-1","max-image-preview":"max-image-preview:large","max-video-preview":"max-video-preview:-1"},"canonical":"https:\/\/www.plougrescant.fr\/camp\/services\/","og_locale":"fr_FR","og_type":"article","og_title":"Les services du Camping de Plougrescant","og_description":"Voici les \u00e9quipements mis \u00e0 votre disposition, snacking, laverie, p\u00e9tanque, tennis de table. Tout ce qu\u2019il faut savoir sur le camping Beg Ar Vilin.","og_url":"https:\/\/www.plougrescant.fr\/camp\/services\/","og_site_name":"Beg ar Vilin","article_modified_time":"2025-12-29T15:18:44+00:00","og_image":[{"width":1500,"height":788,"url":"https:\/\/www.plougrescant.fr\/camp\/wp-content\/uploads\/2022\/11\/camping_plougrescant-service_reception-1.jpg","type":"image\/jpeg"}],"twitter_card":"summary_large_image","twitter_title":"Les services du Camping de Plougrescant","twitter_description":"Voici les \u00e9quipements mis \u00e0 votre disposition, snacking, laverie, p\u00e9tanque, tennis de table. Tout ce qu\u2019il faut savoir sur le camping Beg Ar Vilin.","twitter_image":"https:\/\/www.plougrescant.fr\/camp\/wp-content\/uploads\/2022\/11\/camping_plougrescant-service_reception-1.jpg","twitter_misc":{"Dur\u00e9e de lecture estim\u00e9e":"1 minute"},"schema":{"@context":"https:\/\/schema.org","@graph":[{"@type":"WebPage","@id":"https:\/\/www.plougrescant.fr\/camp\/services\/","url":"https:\/\/www.plougrescant.fr\/camp\/services\/","name":"Les services du Camping de Plougrescant","isPartOf":{"@id":"https:\/\/www.plougrescant.fr\/camp\/#website"},"primaryImageOfPage":{"@id":"https:\/\/www.plougrescant.fr\/camp\/services\/#primaryimage"},"image":{"@id":"https:\/\/www.plougrescant.fr\/camp\/services\/#primaryimage"},"thumbnailUrl":"https:\/\/www.plougrescant.fr\/camp\/wp-content\/uploads\/2022\/11\/camping_plougrescant-service_reception-1.jpg","datePublished":"2022-11-02T10:34:17+00:00","dateModified":"2025-12-29T15:18:44+00:00","description":"Voici les \u00e9quipements mis \u00e0 votre disposition, snacking, laverie, p\u00e9tanque, tennis de table. Tout ce qu\u2019il faut savoir sur le camping Beg Ar Vilin.","breadcrumb":{"@id":"https:\/\/www.plougrescant.fr\/camp\/services\/#breadcrumb"},"inLanguage":"fr-FR","potentialAction":[{"@type":"ReadAction","target":["https:\/\/www.plougrescant.fr\/camp\/services\/"]}]},{"@type":"ImageObject","inLanguage":"fr-FR","@id":"https:\/\/www.plougrescant.fr\/camp\/services\/#primaryimage","url":"https:\/\/www.plougrescant.fr\/camp\/wp-content\/uploads\/2022\/11\/camping_plougrescant-service_reception-1.jpg","contentUrl":"https:\/\/www.plougrescant.fr\/camp\/wp-content\/uploads\/2022\/11\/camping_plougrescant-service_reception-1.jpg","width":1500,"height":788,"caption":"Services du camping de Plougrescant"},{"@type":"BreadcrumbList","@id":"https:\/\/www.plougrescant.fr\/camp\/services\/#breadcrumb","itemListElement":[{"@type":"ListItem","position":1,"name":"Accueil","item":"https:\/\/www.plougrescant.fr\/camp\/"},{"@type":"ListItem","position":2,"name":"Services \/ R\u00e9ception"}]},{"@type":"WebSite","@id":"https:\/\/www.plougrescant.fr\/camp\/#website","url":"https:\/\/www.plougrescant.fr\/camp\/","name":"Beg ar Vilin","description":"le Camping municipal de Plougrescant","publisher":{"@id":"https:\/\/www.plougrescant.fr\/camp\/#organization"},"potentialAction":[{"@type":"SearchAction","target":{"@type":"EntryPoint","urlTemplate":"https:\/\/www.plougrescant.fr\/camp\/?s={search_term_string}"},"query-input":"required name=search_term_string"}],"inLanguage":"fr-FR"},{"@type":"Organization","@id":"https:\/\/www.plougrescant.fr\/camp\/#organization","name":"Beg ar Vilin","url":"https:\/\/www.plougrescant.fr\/camp\/","logo":{"@type":"ImageObject","inLanguage":"fr-FR","@id":"https:\/\/www.plougrescant.fr\/camp\/#\/schema\/logo\/image\/","url":"https:\/\/www.plougrescant.fr\/camp\/wp-content\/uploads\/2022\/09\/cropped-camping_municipal_de_plougrescant-logotype.jpg","contentUrl":"https:\/\/www.plougrescant.fr\/camp\/wp-content\/uploads\/2022\/09\/cropped-camping_municipal_de_plougrescant-logotype.jpg","width":1181,"height":1181,"caption":"Beg ar Vilin"},"image":{"@id":"https:\/\/www.plougrescant.fr\/camp\/#\/schema\/logo\/image\/"}}]}},"_links":{"self":[{"href":"https:\/\/www.plougrescant.fr\/camp\/wp-json\/wp\/v2\/pages\/1823","targetHints":{"allow":["GET"]}}],"collection":[{"href":"https:\/\/www.plougrescant.fr\/camp\/wp-json\/wp\/v2\/pages"}],"about":[{"href":"https:\/\/www.plougrescant.fr\/camp\/wp-json\/wp\/v2\/types\/page"}],"author":[{"embeddable":true,"href":"https:\/\/www.plougrescant.fr\/camp\/wp-json\/wp\/v2\/users\/5"}],"replies":[{"embeddable":true,"href":"https:\/\/www.plougrescant.fr\/camp\/wp-json\/wp\/v2\/comments?post=1823"}],"version-history":[{"count":44,"href":"https:\/\/www.plougrescant.fr\/camp\/wp-json\/wp\/v2\/pages\/1823\/revisions"}],"predecessor-version":[{"id":2901,"href":"https:\/\/www.plougrescant.fr\/camp\/wp-json\/wp\/v2\/pages\/1823\/revisions\/2901"}],"wp:featuredmedia":[{"embeddable":true,"href":"https:\/\/www.plougrescant.fr\/camp\/wp-json\/wp\/v2\/media\/1969"}],"wp:attachment":[{"href":"https:\/\/www.plougrescant.fr\/camp\/wp-json\/wp\/v2\/media?parent=1823"}],"curies":[{"name":"wp","href":"https:\/\/api.w.org\/{rel}","templated":true}]}}